{"id":169,"date":"2020-08-03T12:07:13","date_gmt":"2020-08-03T10:07:13","guid":{"rendered":"http:\/\/lunazen.fr\/?page_id=169"},"modified":"2022-07-06T11:00:11","modified_gmt":"2022-07-06T09:00:11","slug":"les-professionnels-de-la-petite-enfance","status":"publish","type":"page","link":"https:\/\/lunazen.fr\/?page_id=169","title":{"rendered":"Les professionnelles d&rsquo;encadrement"},"content":{"rendered":"\n<p>L\u2019\u00e9quipe est compos\u00e9e de 3 professionnelles de la petite enfance et de la r\u00e9f\u00e9rente technique. Elles proposent un accompagnement sp\u00e9cifique compte tenu de leurs comp\u00e9tences, de leurs connaissances g\u00e9n\u00e9rales sur la petite enfance et de leurs qualifications.\u00a0<\/p>\n\n\n\n<p>Les professionnelles sont l\u00e0 pour r\u00e9pondre aux questionnements, inqui\u00e9tudes, interrogations des parents. Elle s\u2019attache \u00e0 renvoyer, si le besoin s\u2019en fait sentir, les parents vers la r\u00e9f\u00e9rente technique ou la r\u00e9f\u00e9rente sant\u00e9, plus sp\u00e9cialis\u00e9e dans les questions relatives \u00e0 la petite enfance. L\u2019\u00e9quipe oriente les parents si besoins vers des institutions ou professionnels sp\u00e9cialis\u00e9s.<\/p>\n\n\n\n<p><\/p>\n\n\n\n<p><\/p>\n","protected":false},"excerpt":{"rendered":"<p>L\u2019\u00e9quipe est compos\u00e9e de 3 professionnelles de la petite enfance et de la r\u00e9f\u00e9rente technique. Elles proposent un accompagnement sp\u00e9cifique compte tenu de leurs comp\u00e9tences, [&hellip;]<\/p>\n","protected":false},"author":1,"featured_media":0,"parent":0,"menu_order":0,"comment_status":"closed","ping_status":"closed","template":"","meta":[],"_links":{"self":[{"href":"https:\/\/lunazen.fr\/index.php?rest_route=\/wp\/v2\/pages\/169"}],"collection":[{"href":"https:\/\/lunazen.fr\/index.php?rest_route=\/wp\/v2\/pages"}],"about":[{"href":"https:\/\/lunazen.fr\/index.php?rest_route=\/wp\/v2\/types\/page"}],"author":[{"embeddable":true,"href":"https:\/\/lunazen.fr\/index.php?rest_route=\/wp\/v2\/users\/1"}],"replies":[{"embeddable":true,"href":"https:\/\/lunazen.fr\/index.php?rest_route=%2Fwp%2Fv2%2Fcomments&post=169"}],"version-history":[{"count":9,"href":"https:\/\/lunazen.fr\/index.php?rest_route=\/wp\/v2\/pages\/169\/revisions"}],"predecessor-version":[{"id":447,"href":"https:\/\/lunazen.fr\/index.php?rest_route=\/wp\/v2\/pages\/169\/revisions\/447"}],"wp:attachment":[{"href":"https:\/\/lunazen.fr\/index.php?rest_route=%2Fwp%2Fv2%2Fmedia&parent=169"}],"curies":[{"name":"wp","href":"https:\/\/api.w.org\/{rel}","templated":true}]}}