{"id":197,"date":"2020-08-03T14:14:34","date_gmt":"2020-08-03T12:14:34","guid":{"rendered":"http:\/\/lunazen.fr\/?page_id=197"},"modified":"2025-09-15T13:55:25","modified_gmt":"2025-09-15T11:55:25","slug":"nos-tarifs","status":"publish","type":"page","link":"https:\/\/lunazen.fr\/?page_id=197","title":{"rendered":"Nos tarifs"},"content":{"rendered":"\n<p><strong>Les frais d\u2019inscription s\u2019\u00e9l\u00e8vent \u00e0 100 \u20ac par enfant. <\/strong><\/p>\n\n\n\n<h4><strong>LA PARTICIPATION MENSUELLE:<\/strong><\/h4>\n\n\n\n<h5>\u00a0Nos tarifs varient entre 8,5\u20ac \u00e0 10 \u20ac\/heure<\/h5>\n\n\n\n<ul><li>Le tarif horaire est d\u00e9gressif en fonction du nombre d\u2019heures mensuelles d\u2019accueil. <\/li><li>Les repas, les couches et les produits d&rsquo;entretien sont inclus dans le tarif de la cr\u00e8che<\/li><\/ul>\n\n\n\n<p><strong>Le montant de la participation est liss\u00e9 sur 12 mois, calcul\u00e9e sur la base de 47 semaines par an, incluant 5 semaines de cong\u00e9s annuels (une semaine en d\u00e9cembre, une semaine pendant les vacances de Printemps et trois semaines en Ao\u00fbt)<\/strong><\/p>\n\n\n\n<div class=\"wp-container-2 wp-block-group\"><div class=\"wp-block-group__inner-container\">\n<div class=\"wp-container-1 wp-block-group alignfull\"><div class=\"wp-block-group__inner-container\">\n<p>Les parents ayant recours \u00e0 une micro-cr\u00e8che re\u00e7oivent une aide de la CAF (le CMG) et ce, pour chaque enfant,\u00a0<strong>s&rsquo;il est gard\u00e9 au moins 16\u00a0heures dans le mois<\/strong>. Cette aide de la CAF, varie entre <strong>712\u20ac \u00e0 984\u20ac<\/strong>\/mois, permet de diminuer de fa\u00e7on cons\u00e9quente la charge port\u00e9e par les familles.<\/p>\n<\/div><\/div>\n<\/div><\/div>\n\n\n\n<p>En effet, le montant de la prise en charge partielle d\u00e9pend des revenus de la famille, du nombre d\u2019enfants et de leur \u00e2ge. Un minimum de 15% de la d\u00e9pense reste \u00e0 la charge de la famille. <\/p>\n\n\n\n<ul><li><strong>Pour plus d\u2019informations sur le Compl\u00e9ment Libre Choix de Mode de Garde :&nbsp;<a href=\"https:\/\/www.service-public.fr\/particuliers\/vosdroits\/F33648\">https:\/\/www.service-public.fr\/particuliers\/vosdroits\/F33648<\/a><\/strong><\/li><\/ul>\n\n\n\n<ul><li><strong>Les familles peuvent b\u00e9n\u00e9ficiez \u00e9galement d\u2019un cr\u00e9dit d\u2019imp\u00f4t pouvant allez jusqu\u2019\u00e0 1750\u20ac\/an\/enfant, soit 146\u20ac\/mois.<\/strong> <strong>Pour plus d&rsquo;informations: <a rel=\"noreferrer noopener\" href=\"https:\/\/www.service-public.fr\/particuliers\/vosdroits\/F8\" target=\"_blank\">https:\/\/www.service-public.fr\/particuliers\/vosdroits\/F8<\/a><\/strong><\/li><\/ul>\n\n\n\n<h4 class=\"has-purple-color has-text-color\">Pour un devis personnalis\u00e9, nous vous invitons \u00e0 remplir le formulaire de pr\u00e9-inscription ou \u00e0 nous contacter.<\/h4>\n\n\n\n<p><\/p>\n","protected":false},"excerpt":{"rendered":"<p>Les frais d\u2019inscription s\u2019\u00e9l\u00e8vent \u00e0 100 \u20ac par enfant. LA PARTICIPATION MENSUELLE: \u00a0Nos tarifs varient entre 8,5\u20ac \u00e0 10 \u20ac\/heure Le tarif horaire est d\u00e9gressif [&hellip;]<\/p>\n","protected":false},"author":1,"featured_media":92,"parent":0,"menu_order":0,"comment_status":"closed","ping_status":"closed","template":"","meta":[],"_links":{"self":[{"href":"https:\/\/lunazen.fr\/index.php?rest_route=\/wp\/v2\/pages\/197"}],"collection":[{"href":"https:\/\/lunazen.fr\/index.php?rest_route=\/wp\/v2\/pages"}],"about":[{"href":"https:\/\/lunazen.fr\/index.php?rest_route=\/wp\/v2\/types\/page"}],"author":[{"embeddable":true,"href":"https:\/\/lunazen.fr\/index.php?rest_route=\/wp\/v2\/users\/1"}],"replies":[{"embeddable":true,"href":"https:\/\/lunazen.fr\/index.php?rest_route=%2Fwp%2Fv2%2Fcomments&post=197"}],"version-history":[{"count":24,"href":"https:\/\/lunazen.fr\/index.php?rest_route=\/wp\/v2\/pages\/197\/revisions"}],"predecessor-version":[{"id":486,"href":"https:\/\/lunazen.fr\/index.php?rest_route=\/wp\/v2\/pages\/197\/revisions\/486"}],"wp:featuredmedia":[{"embeddable":true,"href":"https:\/\/lunazen.fr\/index.php?rest_route=\/wp\/v2\/media\/92"}],"wp:attachment":[{"href":"https:\/\/lunazen.fr\/index.php?rest_route=%2Fwp%2Fv2%2Fmedia&parent=197"}],"curies":[{"name":"wp","href":"https:\/\/api.w.org\/{rel}","templated":true}]}}