{"id":26,"date":"2020-07-23T20:56:29","date_gmt":"2020-07-23T18:56:29","guid":{"rendered":"http:\/\/lunazen.fr\/?page_id=26"},"modified":"2020-08-05T16:36:46","modified_gmt":"2020-08-05T14:36:46","slug":"notre-equipe","status":"publish","type":"page","link":"https:\/\/lunazen.fr\/?page_id=26","title":{"rendered":"Alimentation et produit d&rsquo;entretien bio"},"content":{"rendered":"\n<p>Les repas sont cuisin\u00e9s \u00e0 partir de produits frais, bio, issus des produits locaux et de saison. <\/p>\n\n\n\n<p>Nous faisons appel \u00e0 la soci\u00e9t\u00e9 API RESTAURATION pour la proposition des menus et la livraison des repas<\/p>\n\n\n\n<p>Afin de proposer un environnement le plus sain possible pour les enfants et les \u00e9quipes, nous utilisons au maximum des produits d&rsquo;hygi\u00e8ne et des produits d&rsquo;entretien bio et \u00e9cologiques.<\/p>\n","protected":false},"excerpt":{"rendered":"<p>Les repas sont cuisin\u00e9s \u00e0 partir de produits frais, bio et locaux <\/p>\n","protected":false},"author":1,"featured_media":333,"parent":0,"menu_order":0,"comment_status":"closed","ping_status":"closed","template":"","meta":[],"_links":{"self":[{"href":"https:\/\/lunazen.fr\/index.php?rest_route=\/wp\/v2\/pages\/26"}],"collection":[{"href":"https:\/\/lunazen.fr\/index.php?rest_route=\/wp\/v2\/pages"}],"about":[{"href":"https:\/\/lunazen.fr\/index.php?rest_route=\/wp\/v2\/types\/page"}],"author":[{"embeddable":true,"href":"https:\/\/lunazen.fr\/index.php?rest_route=\/wp\/v2\/users\/1"}],"replies":[{"embeddable":true,"href":"https:\/\/lunazen.fr\/index.php?rest_route=%2Fwp%2Fv2%2Fcomments&post=26"}],"version-history":[{"count":11,"href":"https:\/\/lunazen.fr\/index.php?rest_route=\/wp\/v2\/pages\/26\/revisions"}],"predecessor-version":[{"id":279,"href":"https:\/\/lunazen.fr\/index.php?rest_route=\/wp\/v2\/pages\/26\/revisions\/279"}],"wp:featuredmedia":[{"embeddable":true,"href":"https:\/\/lunazen.fr\/index.php?rest_route=\/wp\/v2\/media\/333"}],"wp:attachment":[{"href":"https:\/\/lunazen.fr\/index.php?rest_route=%2Fwp%2Fv2%2Fmedia&parent=26"}],"curies":[{"name":"wp","href":"https:\/\/api.w.org\/{rel}","templated":true}]}}